{"id":41,"date":"2022-12-11T16:48:59","date_gmt":"2022-12-11T16:48:59","guid":{"rendered":"http:\/\/miasgoda.nu\/?page_id=41"},"modified":"2022-12-12T21:28:09","modified_gmt":"2022-12-12T21:28:09","slug":"om-mias-goda","status":"publish","type":"page","link":"https:\/\/miasgoda.nu\/","title":{"rendered":"Om Mias Goda"},"content":{"rendered":"\n<div id=\"wp-block-themeisle-blocks-advanced-columns-3b772eb0\" class=\"wp-block-themeisle-blocks-advanced-columns has-1-columns has-desktop-equal-layout has-tablet-equal-layout has-mobile-equal-layout has-vertical-unset\"><div class=\"wp-block-themeisle-blocks-advanced-columns-overlay\"><\/div><div class=\"innerblocks-wrap\">\n<div id=\"wp-block-themeisle-blocks-advanced-column-9a4caa97\" class=\"wp-block-themeisle-blocks-advanced-column\">\n<p><strong>Mias Goda Service<\/strong><\/p>\n\n\n\n<p>Jag heter Marie Grahn och har ett mindre f\u00f6retag hemma p\u00e5 g\u00e5rden&nbsp;vid&nbsp;Rosen\u00f6&nbsp;utanf\u00f6r Eksj\u00f6.<\/p>\n\n\n\n<p>P\u00e5 dagarna arbetar&nbsp;jag&nbsp;som produktionsledare p\u00e5 Eksj\u00f6 Industri Ab s\u00e5 min tillverkning \u00e4r en bisyssla.<\/p>\n\n\n\n<p>Ett litet kokeri d\u00e4r jag tillverkar skumtoppar doppade i choklad med olika&nbsp;topping&nbsp;p\u00e5.<\/p>\n\n\n\n<p>G\u00f6r lite kn\u00e4ckebr\u00f6d och rostad&nbsp;energimuslie.<\/p>\n\n\n\n<p>Jag har satsat p\u00e5 produkter du inte hittar s\u00e5 l\u00e4tt i butikerna, dessa \u00e4r \u00e4ven av de nyttigare slaget med mera proteiner och l\u00e5ngsamma kolhydrater och n\u00e5gra med l\u00e5gt GI.<\/p>\n\n\n\n<p>G\u00f6r \u00e4ven sm\u00e5 br\u00f6d i olika sorter som inte g\u00e5r att k\u00f6pa i alla butiker.<\/p>\n\n\n\n<p>Ut\u00f6ver detta s\u00e4ljer jag kaffe och te flera\u00a0\u00e4r\u00a0mina egna rostningar och blandningar.<\/p>\n\n\n\n<p><\/p>\n\n\n\n<p>Jag levererar till Eksj\u00f6, N\u00e4ssj\u00f6, J\u00f6nk\u00f6ping, Aneby, Tran\u00e5s samt&nbsp;Ydre&nbsp;flera g\u00e5nger i m\u00e5naden.<\/p>\n\n\n\n<p>Sj\u00e4lvklart g\u00e5r det bra bes\u00f6ka min lilla butik p\u00e5 g\u00e5rden men d\u00e5 m\u00e5ste du boka din ankomst s\u00e5 jag s\u00e4kert \u00e4r hemma.<\/p>\n\n\n\n<p>Du finner mig \u00e4ven p\u00e5 marknader och reko ringar runt om i l\u00e4net.<\/p>\n<\/div>\n<\/div><\/div>\n","protected":false},"excerpt":{"rendered":"","protected":false},"author":1,"featured_media":0,"parent":0,"menu_order":0,"comment_status":"closed","ping_status":"closed","template":"","meta":{"_themeisle_gutenberg_block_has_review":false,"footnotes":""},"class_list":["post-41","page","type-page","status-publish","hentry","latest_post"],"_links":{"self":[{"href":"https:\/\/miasgoda.nu\/index.php\/wp-json\/wp\/v2\/pages\/41","targetHints":{"allow":["GET"]}}],"collection":[{"href":"https:\/\/miasgoda.nu\/index.php\/wp-json\/wp\/v2\/pages"}],"about":[{"href":"https:\/\/miasgoda.nu\/index.php\/wp-json\/wp\/v2\/types\/page"}],"author":[{"embeddable":true,"href":"https:\/\/miasgoda.nu\/index.php\/wp-json\/wp\/v2\/users\/1"}],"replies":[{"embeddable":true,"href":"https:\/\/miasgoda.nu\/index.php\/wp-json\/wp\/v2\/comments?post=41"}],"version-history":[{"count":2,"href":"https:\/\/miasgoda.nu\/index.php\/wp-json\/wp\/v2\/pages\/41\/revisions"}],"predecessor-version":[{"id":60,"href":"https:\/\/miasgoda.nu\/index.php\/wp-json\/wp\/v2\/pages\/41\/revisions\/60"}],"wp:attachment":[{"href":"https:\/\/miasgoda.nu\/index.php\/wp-json\/wp\/v2\/media?parent=41"}],"curies":[{"name":"wp","href":"https:\/\/api.w.org\/{rel}","templated":true}]}}