{"id":1194,"date":"2025-02-02T19:29:04","date_gmt":"2025-02-02T19:29:04","guid":{"rendered":"https:\/\/miasgoda.nu\/?post_type=product&#038;p=1194"},"modified":"2025-02-02T19:35:07","modified_gmt":"2025-02-02T19:35:07","slug":"sjobergs-goda-vita-bubblor","status":"publish","type":"product","link":"https:\/\/miasgoda.nu\/index.php\/produkt\/sjobergs-goda-vita-bubblor\/","title":{"rendered":"Sj\u00f6bergs Goda Vita Bubblor"},"content":{"rendered":"<p>Sj\u00f6bergs Goda\u00a0<em>Vita bubblor<\/em>\u00a0\u00e4r uppfriskande alkoholfritt och mousserande.<\/p>\n<p><em>Vita bubblor<\/em> \u00e4r baserat p\u00e5 vin av druvor fr\u00e5n Spanien, och har en elegant, sprudlande och fr\u00e4sch stil.<\/p>\n<p>Smak av fl\u00e4der kombineras med smak av citronskal och myntablad, vilket ger en harmonisk blommig karakt\u00e4r.<\/p>\n<p><em>Vita bubblor\u00a0<\/em>\u00e4r idealiskt som f\u00f6rdrink till festen eller till middagen.<\/p>\n<p>Servera g\u00e4rna v\u00e4l kyld i ett h\u00f6gt glas tillsammans med f\u00e4rska myntablad och citronzest.<\/p>\n<table width=\"100%\">\n<tbody>\n<tr>\n<td><strong>Format<\/strong><\/td>\n<td>Glasflaska 750 m<\/td>\n<\/tr>\n<tr>\n<td><strong>Alkoholhalt<\/strong><\/td>\n<td>0%<\/td>\n<\/tr>\n<tr>\n<td><strong>Veganskt<\/strong><\/td>\n<td>Ja,\u00a0<em>Vita bubblor\u00a0<\/em>\u00e4r veganskt<\/td>\n<\/tr>\n<tr>\n<td><strong>Serveringstemperatur<\/strong><\/td>\n<td>5\u00b0 &#8211; 8\u00b0C<\/td>\n<\/tr>\n<tr>\n<td><strong>H\u00e5llbarhet<\/strong><\/td>\n<td>24 m\u00e5nader<\/td>\n<\/tr>\n<\/tbody>\n<\/table>\n<p>&nbsp;<\/p>\n<h4><strong>N\u00e4ringsinneh\u00e5ll per 100 ml<\/strong><\/h4>\n<ul>\n<li>Energi: 101 kJ (23 kcal)<\/li>\n<li>Protein: 0 mg<\/li>\n<li>Fett: 0 g\u00a0(varav m\u00e4ttat fett: 0 g)<\/li>\n<li>Kolhydrater: 5.6 g\u00a0(varav sockerarter: 5.6 g)<\/li>\n<li>Natrium: 0 g<\/li>\n<\/ul>\n<h4><strong>Ingredienser<\/strong><\/h4>\n<p>Avalkoholiserat vin, druvjuice, socker, naturliga aromer, kolsyra, syra (E330), antioxidant (E300), inneh\u00e5ller sulfiter.<\/p>\n<h4><strong>\u00d6vrig produktinformation<\/strong><\/h4>\n<p>Vita bubblor \u00e4r en mousserande alkoholfri aromatiserad vinbaserad dryck.<br \/>\n\u00d6ppnad flaska ska f\u00f6rvaras i kylsk\u00e5p och f\u00f6rbrukas inom 3 dagar.<\/p>\n<p>&nbsp;<\/p>\n","protected":false},"excerpt":{"rendered":"<p>Sj\u00f6bergs Vita Bubblor<img fetchpriority=\"high\" decoding=\"async\" class=\"alignnone size-medium wp-image-1139\" src=\"http:\/\/miasgoda.nu\/wp-content\/uploads\/2025\/01\/bubbel-1-226x300.jpg\" alt=\"\" width=\"226\" height=\"300\" srcset=\"https:\/\/miasgoda.nu\/wp-content\/uploads\/2025\/01\/bubbel-1-226x300.jpg 226w, https:\/\/miasgoda.nu\/wp-content\/uploads\/2025\/01\/bubbel-1-771x1024.jpg 771w, https:\/\/miasgoda.nu\/wp-content\/uploads\/2025\/01\/bubbel-1-768x1020.jpg 768w, https:\/\/miasgoda.nu\/wp-content\/uploads\/2025\/01\/bubbel-1-1157x1536.jpg 1157w, https:\/\/miasgoda.nu\/wp-content\/uploads\/2025\/01\/bubbel-1-1542x2048.jpg 1542w, https:\/\/miasgoda.nu\/wp-content\/uploads\/2025\/01\/bubbel-1-45x60.jpg 45w, https:\/\/miasgoda.nu\/wp-content\/uploads\/2025\/01\/bubbel-1-scaled.jpg 1928w\" sizes=\"(max-width: 226px) 100vw, 226px\" \/><\/p>\n","protected":false},"featured_media":1195,"comment_status":"open","ping_status":"closed","template":"","meta":{"_themeisle_gutenberg_block_has_review":false},"product_cat":[83],"product_tag":[],"class_list":["post-1194","product","type-product","status-publish","has-post-thumbnail","hentry","product_cat-dryck","latest_post"],"_links":{"self":[{"href":"https:\/\/miasgoda.nu\/index.php\/wp-json\/wp\/v2\/product\/1194","targetHints":{"allow":["GET"]}}],"collection":[{"href":"https:\/\/miasgoda.nu\/index.php\/wp-json\/wp\/v2\/product"}],"about":[{"href":"https:\/\/miasgoda.nu\/index.php\/wp-json\/wp\/v2\/types\/product"}],"replies":[{"embeddable":true,"href":"https:\/\/miasgoda.nu\/index.php\/wp-json\/wp\/v2\/comments?post=1194"}],"wp:featuredmedia":[{"embeddable":true,"href":"https:\/\/miasgoda.nu\/index.php\/wp-json\/wp\/v2\/media\/1195"}],"wp:attachment":[{"href":"https:\/\/miasgoda.nu\/index.php\/wp-json\/wp\/v2\/media?parent=1194"}],"wp:term":[{"taxonomy":"product_cat","embeddable":true,"href":"https:\/\/miasgoda.nu\/index.php\/wp-json\/wp\/v2\/product_cat?post=1194"},{"taxonomy":"product_tag","embeddable":true,"href":"https:\/\/miasgoda.nu\/index.php\/wp-json\/wp\/v2\/product_tag?post=1194"}],"curies":[{"name":"wp","href":"https:\/\/api.w.org\/{rel}","templated":true}]}}