{"id":1200,"date":"2025-02-02T19:55:25","date_gmt":"2025-02-02T19:55:25","guid":{"rendered":"https:\/\/miasgoda.nu\/?post_type=product&#038;p=1200"},"modified":"2025-02-02T20:08:40","modified_gmt":"2025-02-02T20:08:40","slug":"viol","status":"publish","type":"product","link":"https:\/\/miasgoda.nu\/index.php\/produkt\/viol\/","title":{"rendered":"Viol"},"content":{"rendered":"<p>Viol<\/p>\n<p>Kommer fr\u00e5n Kina och \u00e4r svart te<\/p>\n<p>Viol och Bl\u00e5klint<\/p>\n<p>Blanda 2-3 gram med ca 2dl kokande vatten l\u00e5t dra ca 3 min<\/p>\n<p>Anv\u00e4nd g\u00e4rna tesil men fyll den max till h\u00e4lften s\u00e5 teet kan sv\u00e4lla i silen<\/p>\n<p>F\u00f6rpackas 100g per p\u00e5se<\/p>\n<p>&nbsp;<\/p>\n","protected":false},"excerpt":{"rendered":"<p>Viol Kommer fr\u00e5n Kina och \u00e4r svart te Viol och Bl\u00e5klint Blanda 2-3 gram med ca 2dl kokande vatten l\u00e5t dra ca 3 min Anv\u00e4nd g\u00e4rna tesil men fyll den &hellip; <\/p>\n","protected":false},"featured_media":1220,"comment_status":"open","ping_status":"closed","template":"","meta":{"_themeisle_gutenberg_block_has_review":false},"product_cat":[24,25],"product_tag":[],"class_list":["post-1200","product","type-product","status-publish","has-post-thumbnail","hentry","product_cat-te","product_cat-svart-te","latest_post"],"_links":{"self":[{"href":"https:\/\/miasgoda.nu\/index.php\/wp-json\/wp\/v2\/product\/1200","targetHints":{"allow":["GET"]}}],"collection":[{"href":"https:\/\/miasgoda.nu\/index.php\/wp-json\/wp\/v2\/product"}],"about":[{"href":"https:\/\/miasgoda.nu\/index.php\/wp-json\/wp\/v2\/types\/product"}],"replies":[{"embeddable":true,"href":"https:\/\/miasgoda.nu\/index.php\/wp-json\/wp\/v2\/comments?post=1200"}],"wp:featuredmedia":[{"embeddable":true,"href":"https:\/\/miasgoda.nu\/index.php\/wp-json\/wp\/v2\/media\/1220"}],"wp:attachment":[{"href":"https:\/\/miasgoda.nu\/index.php\/wp-json\/wp\/v2\/media?parent=1200"}],"wp:term":[{"taxonomy":"product_cat","embeddable":true,"href":"https:\/\/miasgoda.nu\/index.php\/wp-json\/wp\/v2\/product_cat?post=1200"},{"taxonomy":"product_tag","embeddable":true,"href":"https:\/\/miasgoda.nu\/index.php\/wp-json\/wp\/v2\/product_tag?post=1200"}],"curies":[{"name":"wp","href":"https:\/\/api.w.org\/{rel}","templated":true}]}}