{"id":1297,"date":"2025-02-05T20:05:11","date_gmt":"2025-02-05T20:05:11","guid":{"rendered":"https:\/\/miasgoda.nu\/?post_type=product&#038;p=1297"},"modified":"2025-02-05T20:09:54","modified_gmt":"2025-02-05T20:09:54","slug":"regnbagsblandning","status":"publish","type":"product","link":"https:\/\/miasgoda.nu\/index.php\/produkt\/regnbagsblandning\/","title":{"rendered":"Regnb\u00e5gsblandning"},"content":{"rendered":"<p>&nbsp;<\/p>\n<p>Regnb\u00e5gsblandning<\/p>\n<p>Gr\u00f6nt te<\/p>\n<p>Kommer fr\u00e5n Kina<\/p>\n<p>Sencha, gunpowder, rosor, bl\u00e5klint, solros<\/p>\n<p>rabarber, \u00e4pple,kanel och grenadin<\/p>\n<p>Blanda 2-3 gram med ca 2dl sjudande vatten l\u00e5t dra ca 3 min<\/p>\n<p>Anv\u00e4nd g\u00e4rna tesil men fyll den max till h\u00e4lften s\u00e5 teet kan sv\u00e4lla i silen<\/p>\n<p>F\u00f6rpackas 100g per p\u00e5se<\/p>\n","protected":false},"excerpt":{"rendered":"<p><img fetchpriority=\"high\" decoding=\"async\" class=\"alignnone size-medium wp-image-1295\" src=\"http:\/\/miasgoda.nu\/wp-content\/uploads\/2025\/02\/sparkling-227x300.jpg\" alt=\"\" width=\"227\" height=\"300\" srcset=\"https:\/\/miasgoda.nu\/wp-content\/uploads\/2025\/02\/sparkling-227x300.jpg 227w, https:\/\/miasgoda.nu\/wp-content\/uploads\/2025\/02\/sparkling-776x1024.jpg 776w, https:\/\/miasgoda.nu\/wp-content\/uploads\/2025\/02\/sparkling-768x1014.jpg 768w, https:\/\/miasgoda.nu\/wp-content\/uploads\/2025\/02\/sparkling-45x60.jpg 45w, https:\/\/miasgoda.nu\/wp-content\/uploads\/2025\/02\/sparkling-300x396.jpg 300w, https:\/\/miasgoda.nu\/wp-content\/uploads\/2025\/02\/sparkling-600x792.jpg 600w, https:\/\/miasgoda.nu\/wp-content\/uploads\/2025\/02\/sparkling.jpg 1000w\" sizes=\"(max-width: 227px) 100vw, 227px\" \/><\/p>\n","protected":false},"featured_media":1295,"comment_status":"open","ping_status":"closed","template":"","meta":{"_themeisle_gutenberg_block_has_review":false},"product_cat":[24,27],"product_tag":[],"class_list":["post-1297","product","type-product","status-publish","has-post-thumbnail","hentry","product_cat-te","product_cat-gront-te","latest_post"],"_links":{"self":[{"href":"https:\/\/miasgoda.nu\/index.php\/wp-json\/wp\/v2\/product\/1297","targetHints":{"allow":["GET"]}}],"collection":[{"href":"https:\/\/miasgoda.nu\/index.php\/wp-json\/wp\/v2\/product"}],"about":[{"href":"https:\/\/miasgoda.nu\/index.php\/wp-json\/wp\/v2\/types\/product"}],"replies":[{"embeddable":true,"href":"https:\/\/miasgoda.nu\/index.php\/wp-json\/wp\/v2\/comments?post=1297"}],"wp:featuredmedia":[{"embeddable":true,"href":"https:\/\/miasgoda.nu\/index.php\/wp-json\/wp\/v2\/media\/1295"}],"wp:attachment":[{"href":"https:\/\/miasgoda.nu\/index.php\/wp-json\/wp\/v2\/media?parent=1297"}],"wp:term":[{"taxonomy":"product_cat","embeddable":true,"href":"https:\/\/miasgoda.nu\/index.php\/wp-json\/wp\/v2\/product_cat?post=1297"},{"taxonomy":"product_tag","embeddable":true,"href":"https:\/\/miasgoda.nu\/index.php\/wp-json\/wp\/v2\/product_tag?post=1297"}],"curies":[{"name":"wp","href":"https:\/\/api.w.org\/{rel}","templated":true}]}}