{"id":1301,"date":"2025-02-05T20:27:13","date_gmt":"2025-02-05T20:27:13","guid":{"rendered":"https:\/\/miasgoda.nu\/?post_type=product&#038;p=1301"},"modified":"2025-02-05T20:28:18","modified_gmt":"2025-02-05T20:28:18","slug":"rimfrost","status":"publish","type":"product","link":"https:\/\/miasgoda.nu\/index.php\/produkt\/rimfrost\/","title":{"rendered":"Rimfrost"},"content":{"rendered":"<p>Rimfrost<\/p>\n<p>Gr\u00f6nt te<\/p>\n<p>Kommer fr\u00e5n Kina<\/p>\n<p>P\u00e4ronarom, hallon, vetegr\u00e4s, ringblomma och citronarom<\/p>\n<p>Blanda 2-3 gram med ca 2dl sjudande vatten l\u00e5t dra ca 3 min<\/p>\n<p>Anv\u00e4nd g\u00e4rna tesil men fyll den max till h\u00e4lften s\u00e5 teet kan sv\u00e4lla i silen<\/p>\n<p>F\u00f6rpackas 100g per p\u00e5se<\/p>\n","protected":false},"excerpt":{"rendered":"<p><img decoding=\"async\" class=\"alignnone size-full wp-image-1300\" src=\"http:\/\/miasgoda.nu\/wp-content\/uploads\/2025\/02\/arc.png\" alt=\"\" width=\"123\" height=\"150\" srcset=\"https:\/\/miasgoda.nu\/wp-content\/uploads\/2025\/02\/arc.png 123w, https:\/\/miasgoda.nu\/wp-content\/uploads\/2025\/02\/arc-49x60.png 49w\" sizes=\"(max-width: 123px) 100vw, 123px\" \/><\/p>\n","protected":false},"featured_media":1300,"comment_status":"open","ping_status":"closed","template":"","meta":{"_themeisle_gutenberg_block_has_review":false},"product_cat":[24,27],"product_tag":[],"class_list":["post-1301","product","type-product","status-publish","has-post-thumbnail","hentry","product_cat-te","product_cat-gront-te","latest_post"],"_links":{"self":[{"href":"https:\/\/miasgoda.nu\/index.php\/wp-json\/wp\/v2\/product\/1301","targetHints":{"allow":["GET"]}}],"collection":[{"href":"https:\/\/miasgoda.nu\/index.php\/wp-json\/wp\/v2\/product"}],"about":[{"href":"https:\/\/miasgoda.nu\/index.php\/wp-json\/wp\/v2\/types\/product"}],"replies":[{"embeddable":true,"href":"https:\/\/miasgoda.nu\/index.php\/wp-json\/wp\/v2\/comments?post=1301"}],"wp:featuredmedia":[{"embeddable":true,"href":"https:\/\/miasgoda.nu\/index.php\/wp-json\/wp\/v2\/media\/1300"}],"wp:attachment":[{"href":"https:\/\/miasgoda.nu\/index.php\/wp-json\/wp\/v2\/media?parent=1301"}],"wp:term":[{"taxonomy":"product_cat","embeddable":true,"href":"https:\/\/miasgoda.nu\/index.php\/wp-json\/wp\/v2\/product_cat?post=1301"},{"taxonomy":"product_tag","embeddable":true,"href":"https:\/\/miasgoda.nu\/index.php\/wp-json\/wp\/v2\/product_tag?post=1301"}],"curies":[{"name":"wp","href":"https:\/\/api.w.org\/{rel}","templated":true}]}}