{"id":1309,"date":"2025-02-05T21:01:44","date_gmt":"2025-02-05T21:01:44","guid":{"rendered":"https:\/\/miasgoda.nu\/?post_type=product&#038;p=1309"},"modified":"2025-02-05T21:03:29","modified_gmt":"2025-02-05T21:03:29","slug":"mango-passion","status":"publish","type":"product","link":"https:\/\/miasgoda.nu\/index.php\/produkt\/mango-passion\/","title":{"rendered":"Mango Passion"},"content":{"rendered":"<div>Mango Passion<\/div>\n<div>Kommer fr\u00e5n Sydafrika<\/div>\n<div>Inneh\u00e5ller: Papaya, mangobitar, svartvinb\u00e4rsblad, ananasarom, mangoarom, passionsfrukt, solrosblad och maracuja<\/div>\n<div><\/div>\n<div class=\"product-info-main\">\n<div class=\"custom-block\">Blanda 2-3 gram med ca 2dl kokande vatten l\u00e5t dra ca 3 min<\/div>\n<div>Rooibos \u00e4r naturligt fritt fr\u00e5n koffein och kan dra hur l\u00e4nge som helst utan att bli beskt.<\/div>\n<div>Rekommenderar tep\u00e5se och <strong>inte<\/strong> tesil d\u00e5 rooibos \u00e4r finklippta sm\u00e5 delar<\/div>\n<\/div>\n<p>F\u00f6rpackas 100g per p\u00e5se<\/p>\n","protected":false},"excerpt":{"rendered":"<p><img decoding=\"async\" class=\"alignnone size-full wp-image-1308\" src=\"http:\/\/miasgoda.nu\/wp-content\/uploads\/2025\/02\/roibos.png\" alt=\"\" width=\"124\" height=\"153\" srcset=\"https:\/\/miasgoda.nu\/wp-content\/uploads\/2025\/02\/roibos.png 124w, https:\/\/miasgoda.nu\/wp-content\/uploads\/2025\/02\/roibos-49x60.png 49w\" sizes=\"(max-width: 124px) 100vw, 124px\" \/><\/p>\n","protected":false},"featured_media":1308,"comment_status":"open","ping_status":"closed","template":"","meta":{"_themeisle_gutenberg_block_has_review":false},"product_cat":[24,26],"product_tag":[],"class_list":["post-1309","product","type-product","status-publish","has-post-thumbnail","hentry","product_cat-te","product_cat-rooibus-te","latest_post"],"_links":{"self":[{"href":"https:\/\/miasgoda.nu\/index.php\/wp-json\/wp\/v2\/product\/1309","targetHints":{"allow":["GET"]}}],"collection":[{"href":"https:\/\/miasgoda.nu\/index.php\/wp-json\/wp\/v2\/product"}],"about":[{"href":"https:\/\/miasgoda.nu\/index.php\/wp-json\/wp\/v2\/types\/product"}],"replies":[{"embeddable":true,"href":"https:\/\/miasgoda.nu\/index.php\/wp-json\/wp\/v2\/comments?post=1309"}],"wp:featuredmedia":[{"embeddable":true,"href":"https:\/\/miasgoda.nu\/index.php\/wp-json\/wp\/v2\/media\/1308"}],"wp:attachment":[{"href":"https:\/\/miasgoda.nu\/index.php\/wp-json\/wp\/v2\/media?parent=1309"}],"wp:term":[{"taxonomy":"product_cat","embeddable":true,"href":"https:\/\/miasgoda.nu\/index.php\/wp-json\/wp\/v2\/product_cat?post=1309"},{"taxonomy":"product_tag","embeddable":true,"href":"https:\/\/miasgoda.nu\/index.php\/wp-json\/wp\/v2\/product_tag?post=1309"}],"curies":[{"name":"wp","href":"https:\/\/api.w.org\/{rel}","templated":true}]}}